{"id":31,"date":"2014-04-11T10:24:10","date_gmt":"2014-04-11T08:24:10","guid":{"rendered":"http:\/\/stephanweiner.de\/?page_id=31"},"modified":"2019-03-17T19:53:24","modified_gmt":"2019-03-17T17:53:24","slug":"kontakt","status":"publish","type":"page","link":"http:\/\/stephanweiner.de\/?page_id=31","title":{"rendered":"Kontakt"},"content":{"rendered":"<p>Stephan Weiner<\/p>\n<p>Ezanvillestr. 29<br \/>\n69118 Heidelberg<\/p>\n<p>Mail: kontakt(at)stephanweiner.de<\/p>\n<p>Alle Inhalte dieser Website sind urheberrechtlich gesch\u00fctzt.<br \/>\nDie Vervielf\u00e4ltigung bedarf der ausdr\u00fccklichen, schriftlichen Zustimmung.<br \/>\nF\u00fcr Inhalte externer Seiten, die \u00fcber Links von dieser Website aus erreichbar sind, tragen ausschlie\u00dflich deren jeweilige Betreiber die Verantwortung.<\/p>\n","protected":false},"excerpt":{"rendered":"<p>Stephan Weiner Ezanvillestr. 29 69118 Heidelberg Mail: kontakt(at)stephanweiner.de Alle Inhalte dieser Website sind urheberrechtlich gesch\u00fctzt. Die Vervielf\u00e4ltigung bedarf der ausdr\u00fccklichen, schriftlichen Zustimmung. F\u00fcr Inhalte externer Seiten, die \u00fcber Links von dieser Website aus erreichbar sind, tragen ausschlie\u00dflich deren jeweilige Betreiber die Verantwortung.<\/p>\n","protected":false},"author":1,"featured_media":0,"parent":0,"menu_order":3,"comment_status":"open","ping_status":"open","template":"","meta":{"footnotes":""},"class_list":["post-31","page","type-page","status-publish","hentry"],"_links":{"self":[{"href":"http:\/\/stephanweiner.de\/index.php?rest_route=\/wp\/v2\/pages\/31","targetHints":{"allow":["GET"]}}],"collection":[{"href":"http:\/\/stephanweiner.de\/index.php?rest_route=\/wp\/v2\/pages"}],"about":[{"href":"http:\/\/stephanweiner.de\/index.php?rest_route=\/wp\/v2\/types\/page"}],"author":[{"embeddable":true,"href":"http:\/\/stephanweiner.de\/index.php?rest_route=\/wp\/v2\/users\/1"}],"replies":[{"embeddable":true,"href":"http:\/\/stephanweiner.de\/index.php?rest_route=%2Fwp%2Fv2%2Fcomments&post=31"}],"version-history":[{"count":9,"href":"http:\/\/stephanweiner.de\/index.php?rest_route=\/wp\/v2\/pages\/31\/revisions"}],"predecessor-version":[{"id":160,"href":"http:\/\/stephanweiner.de\/index.php?rest_route=\/wp\/v2\/pages\/31\/revisions\/160"}],"wp:attachment":[{"href":"http:\/\/stephanweiner.de\/index.php?rest_route=%2Fwp%2Fv2%2Fmedia&parent=31"}],"curies":[{"name":"wp","href":"https:\/\/api.w.org\/{rel}","templated":true}]}}